{"id":385,"date":"2024-07-04T15:02:38","date_gmt":"2024-07-04T13:02:38","guid":{"rendered":"https:\/\/agangece-advert.sprint-service.be\/?post_type=product&#038;p=385"},"modified":"2025-07-25T12:34:02","modified_gmt":"2025-07-25T10:34:02","slug":"super-serum-10","status":"publish","type":"product","link":"https:\/\/hcc-and-co.com\/fr_fr\/product\/super-serum-10\/","title":{"rendered":"Super S\u00e9rum [10]"},"content":{"rendered":"<p>Super Serum [10] : la peau fonctionne comme si elle avait 10 ans de moins (1).<\/p>\n<p>Fusion des expertises du Laboratoire NUXE sur les huiles v\u00e9g\u00e9tales et les soins anti-\u00e2ge, ce s\u00e9rum \u00e0 l&rsquo;acide hyaluronique naturel est infus\u00e9 de milliers de micro-billes d\u2018Huiles V\u00e9g\u00e9tales fractionn\u00e9es. Il stimule les m\u00e9canismes de jeunesse de la peau pour une extraordinaire efficacit\u00e9 anti-\u00e2ge.<\/p>\n<p>D\u00e8s les 1\u00e8res gouttes, la peau est comme transform\u00e9e : liss\u00e9e, repulp\u00e9e et lumineuse.<\/p>\n","protected":false},"excerpt":{"rendered":"<p>Super S\u00e9rum [10], Le concentr\u00e9 anti-\u00e2ge universel 30 ml<br \/>\nS\u00e9rum \u00e0 l&rsquo;acide hyaluronique : correction rides, fermet\u00e9, taches.<br \/>\nToutes peaux.<\/p>\n<p>95% d&rsquo;ingr\u00e9dients d&rsquo;origine naturelle<\/p>\n","protected":false},"featured_media":428,"comment_status":"open","ping_status":"closed","template":"","meta":{"_joinchat":[]},"product_brand":[],"product_cat":[93],"product_tag":[],"class_list":{"0":"post-385","1":"product","2":"type-product","3":"status-publish","4":"has-post-thumbnail","6":"product_cat-nuxe","8":"first","9":"instock","10":"sale","11":"shipping-taxable","12":"purchasable","13":"product-type-simple"},"_links":{"self":[{"href":"https:\/\/hcc-and-co.com\/fr_fr\/wp-json\/wp\/v2\/product\/385","targetHints":{"allow":["GET"]}}],"collection":[{"href":"https:\/\/hcc-and-co.com\/fr_fr\/wp-json\/wp\/v2\/product"}],"about":[{"href":"https:\/\/hcc-and-co.com\/fr_fr\/wp-json\/wp\/v2\/types\/product"}],"replies":[{"embeddable":true,"href":"https:\/\/hcc-and-co.com\/fr_fr\/wp-json\/wp\/v2\/comments?post=385"}],"wp:featuredmedia":[{"embeddable":true,"href":"https:\/\/hcc-and-co.com\/fr_fr\/wp-json\/wp\/v2\/media\/428"}],"wp:attachment":[{"href":"https:\/\/hcc-and-co.com\/fr_fr\/wp-json\/wp\/v2\/media?parent=385"}],"wp:term":[{"taxonomy":"product_brand","embeddable":true,"href":"https:\/\/hcc-and-co.com\/fr_fr\/wp-json\/wp\/v2\/product_brand?post=385"},{"taxonomy":"product_cat","embeddable":true,"href":"https:\/\/hcc-and-co.com\/fr_fr\/wp-json\/wp\/v2\/product_cat?post=385"},{"taxonomy":"product_tag","embeddable":true,"href":"https:\/\/hcc-and-co.com\/fr_fr\/wp-json\/wp\/v2\/product_tag?post=385"}],"curies":[{"name":"wp","href":"https:\/\/api.w.org\/{rel}","templated":true}]}}