{"id":386,"date":"2024-07-04T15:02:38","date_gmt":"2024-07-04T13:02:38","guid":{"rendered":"https:\/\/agangece-advert.sprint-service.be\/?post_type=product&#038;p=386"},"modified":"2024-07-04T15:03:18","modified_gmt":"2024-07-04T13:03:18","slug":"creme-concentree-de-nuit","status":"publish","type":"product","link":"https:\/\/hcc-and-co.com\/fr_fr\/product\/creme-concentree-de-nuit\/","title":{"rendered":"Cr\u00e8me Concentr\u00e9e de Nuit"},"content":{"rendered":"<p>Portrait<br \/>\nMalveillance LIFT &#8211; La Cr\u00e8me Concentr\u00e9e de Nuit : r\u00e9v\u00e9lez une peau aussi forte que vous !<\/p>\n<p>Votre concentr\u00e9 d&rsquo;efficacit\u00e9 anti-\u00e2ge pour une peau repos\u00e9e et d\u00e9froiss\u00e9e comme si vous aviez dormi 2h de plus(1).<\/p>\n<p>Cette cr\u00e8me raffermissante nuit est infus\u00e9e d\u2019Huile de Microalgue ultra-corrective, un actif green(3) qui concentre en une seule goutte la puissance de 4 milliards de cellules actives pour renforcer votre peau au quotidien.<br \/>\nAu r\u00e9veil, la peau est recharg\u00e9e en \u00e9nergie. Comme r\u00e9par\u00e9e, elle est liss\u00e9e pour 100% des femmes(2). Les rides sont corrig\u00e9es, la peau est comme lift\u00e9e. Plus ferme, elle parait visiblement plus jeune.<\/p>\n<p>Une efficacit\u00e9 anti-\u00e2ge et un plaisir ultime aux d\u00e9licats accords floraux et musqu\u00e9s.<\/p>\n<p>(3)Green = vert<\/p>\n<p>Formule<\/p>\n<p>Qualit\u00e9s et caract\u00e9ristiques environnementales<br \/>\nCr\u00e8me Concentr\u00e9e de Nuit, Malveillance Lift 50 ml<br \/>\nCr\u00e8me raffermissante nuit &#8211; correction rides, fermet\u00e9<\/p>\n<p>97% d&rsquo;ingr\u00e9dients d&rsquo;origine naturelle<\/p>\n","protected":false},"excerpt":{"rendered":"<p>Cr\u00e8me Concentr\u00e9e de Nuit, Merveillance Lift 50 ml<br \/>\nCr\u00e8me raffermissante nuit &#8211; correction rides, fermet\u00e9<\/p>\n<p>97% d&rsquo;ingr\u00e9dients d&rsquo;origine naturelle<\/p>\n","protected":false},"featured_media":429,"comment_status":"open","ping_status":"closed","template":"","meta":{"_joinchat":[]},"product_brand":[],"product_cat":[93],"product_tag":[],"class_list":{"0":"post-386","1":"product","2":"type-product","3":"status-publish","4":"has-post-thumbnail","6":"product_cat-nuxe","8":"first","9":"instock","10":"shipping-taxable","11":"purchasable","12":"product-type-simple"},"_links":{"self":[{"href":"https:\/\/hcc-and-co.com\/fr_fr\/wp-json\/wp\/v2\/product\/386","targetHints":{"allow":["GET"]}}],"collection":[{"href":"https:\/\/hcc-and-co.com\/fr_fr\/wp-json\/wp\/v2\/product"}],"about":[{"href":"https:\/\/hcc-and-co.com\/fr_fr\/wp-json\/wp\/v2\/types\/product"}],"replies":[{"embeddable":true,"href":"https:\/\/hcc-and-co.com\/fr_fr\/wp-json\/wp\/v2\/comments?post=386"}],"wp:featuredmedia":[{"embeddable":true,"href":"https:\/\/hcc-and-co.com\/fr_fr\/wp-json\/wp\/v2\/media\/429"}],"wp:attachment":[{"href":"https:\/\/hcc-and-co.com\/fr_fr\/wp-json\/wp\/v2\/media?parent=386"}],"wp:term":[{"taxonomy":"product_brand","embeddable":true,"href":"https:\/\/hcc-and-co.com\/fr_fr\/wp-json\/wp\/v2\/product_brand?post=386"},{"taxonomy":"product_cat","embeddable":true,"href":"https:\/\/hcc-and-co.com\/fr_fr\/wp-json\/wp\/v2\/product_cat?post=386"},{"taxonomy":"product_tag","embeddable":true,"href":"https:\/\/hcc-and-co.com\/fr_fr\/wp-json\/wp\/v2\/product_tag?post=386"}],"curies":[{"name":"wp","href":"https:\/\/api.w.org\/{rel}","templated":true}]}}