{"id":387,"date":"2024-07-04T15:02:38","date_gmt":"2024-07-04T13:02:38","guid":{"rendered":"https:\/\/agangece-advert.sprint-service.be\/?post_type=product&#038;p=387"},"modified":"2025-07-25T12:12:41","modified_gmt":"2025-07-25T10:12:41","slug":"creme-prodigieuse","status":"publish","type":"product","link":"https:\/\/hcc-and-co.com\/fr_fr\/product\/creme-prodigieuse\/","title":{"rendered":"Cr\u00e8me Prodigieuse\u00ae"},"content":{"rendered":"<p>Ce baume-huile visage au complexe antioxydant \u00e0 la fleur de jasmin aide la peau \u00e0 r\u00e9cup\u00e9rer pendant la nuit des effets n\u00e9fastes de votre vie quotidienne (stress, fatigue, pollution&#8230;), tout en respectant l&rsquo;\u00e9quilibre naturel de votre peau.<\/p>\n<p>Sa texture ultra-cocooning infus\u00e9e d\u2018huile de Macadamia enveloppe la peau d\u2018un cocon de douceur sans fini gras. Au r\u00e9veil, les traits sont d\u00e9tendus et le teint est frais. La peau retrouve toute son \u00e9nergie pour affronter une nouvelle journ\u00e9e.<\/p>\n","protected":false},"excerpt":{"rendered":"<p>Baume-huile r\u00e9cup\u00e9rateur nuit, Cr\u00e8me Prodigieuse\u00ae Boost 50 ml<br \/>\nBaume-huile r\u00e9cup\u00e9rateur nuit<br \/>\nToutes peaux.<\/p>\n<p>92% d&rsquo;ingr\u00e9dients d&rsquo;origine naturelle<\/p>\n","protected":false},"featured_media":430,"comment_status":"open","ping_status":"closed","template":"","meta":{"_joinchat":[]},"product_brand":[],"product_cat":[93],"product_tag":[],"class_list":{"0":"post-387","1":"product","2":"type-product","3":"status-publish","4":"has-post-thumbnail","6":"product_cat-nuxe","8":"first","9":"instock","10":"sale","11":"shipping-taxable","12":"purchasable","13":"product-type-simple"},"_links":{"self":[{"href":"https:\/\/hcc-and-co.com\/fr_fr\/wp-json\/wp\/v2\/product\/387","targetHints":{"allow":["GET"]}}],"collection":[{"href":"https:\/\/hcc-and-co.com\/fr_fr\/wp-json\/wp\/v2\/product"}],"about":[{"href":"https:\/\/hcc-and-co.com\/fr_fr\/wp-json\/wp\/v2\/types\/product"}],"replies":[{"embeddable":true,"href":"https:\/\/hcc-and-co.com\/fr_fr\/wp-json\/wp\/v2\/comments?post=387"}],"wp:featuredmedia":[{"embeddable":true,"href":"https:\/\/hcc-and-co.com\/fr_fr\/wp-json\/wp\/v2\/media\/430"}],"wp:attachment":[{"href":"https:\/\/hcc-and-co.com\/fr_fr\/wp-json\/wp\/v2\/media?parent=387"}],"wp:term":[{"taxonomy":"product_brand","embeddable":true,"href":"https:\/\/hcc-and-co.com\/fr_fr\/wp-json\/wp\/v2\/product_brand?post=387"},{"taxonomy":"product_cat","embeddable":true,"href":"https:\/\/hcc-and-co.com\/fr_fr\/wp-json\/wp\/v2\/product_cat?post=387"},{"taxonomy":"product_tag","embeddable":true,"href":"https:\/\/hcc-and-co.com\/fr_fr\/wp-json\/wp\/v2\/product_tag?post=387"}],"curies":[{"name":"wp","href":"https:\/\/api.w.org\/{rel}","templated":true}]}}