{"id":401,"date":"2024-07-04T15:02:59","date_gmt":"2024-07-04T13:02:59","guid":{"rendered":"https:\/\/agangece-advert.sprint-service.be\/?post_type=product&#038;p=401"},"modified":"2025-07-25T12:25:20","modified_gmt":"2025-07-25T10:25:20","slug":"prodigieux-le-parfum","status":"publish","type":"product","link":"https:\/\/hcc-and-co.com\/fr_fr\/product\/prodigieux-le-parfum\/","title":{"rendered":"Prodigieux\u00ae Le parfum"},"content":{"rendered":"<p>Portrait<\/p>\n<p>La fragrance mythique de l\u2019Huile Prodigieuse\u00ae se laisse capturer dans une Eau de Parfum sensuelle, et donne naissance \u00e0 Prodigieux\u00ae le parfum, un accord f\u00e9minin, solaire et sable chaud aux notes de Fleur d&rsquo;Oranger, Magnolia et Vanille.<\/p>\n<p>Formule<br \/>\nNon photosensibilisant.<\/p>\n<p>88% d&rsquo;ingr\u00e9dients d&rsquo;origine naturelle<br \/>\n*Selon la norme ISO 16128, les % restants contribuent \u00e0 l&rsquo;int\u00e9grit\u00e9 et la sensorialit\u00e9 de la formule<\/p>\n<p>Fragrance : Une caresse solaire et addictive aux accords sensuels de sable chaud.<\/p>\n","protected":false},"excerpt":{"rendered":"<p>Prodigieux\u00ae Le parfum 30 ml<br \/>\nEau de parfum<br \/>\nToutes peaux.<\/p>\n<p>88% d&rsquo;ingr\u00e9dients d&rsquo;origine naturelle<\/p>\n","protected":false},"featured_media":447,"comment_status":"open","ping_status":"closed","template":"","meta":{"_joinchat":[]},"product_brand":[],"product_cat":[93],"product_tag":[],"class_list":{"0":"post-401","1":"product","2":"type-product","3":"status-publish","4":"has-post-thumbnail","6":"product_cat-nuxe","8":"first","9":"instock","10":"sale","11":"shipping-taxable","12":"purchasable","13":"product-type-simple"},"_links":{"self":[{"href":"https:\/\/hcc-and-co.com\/fr_fr\/wp-json\/wp\/v2\/product\/401","targetHints":{"allow":["GET"]}}],"collection":[{"href":"https:\/\/hcc-and-co.com\/fr_fr\/wp-json\/wp\/v2\/product"}],"about":[{"href":"https:\/\/hcc-and-co.com\/fr_fr\/wp-json\/wp\/v2\/types\/product"}],"replies":[{"embeddable":true,"href":"https:\/\/hcc-and-co.com\/fr_fr\/wp-json\/wp\/v2\/comments?post=401"}],"wp:featuredmedia":[{"embeddable":true,"href":"https:\/\/hcc-and-co.com\/fr_fr\/wp-json\/wp\/v2\/media\/447"}],"wp:attachment":[{"href":"https:\/\/hcc-and-co.com\/fr_fr\/wp-json\/wp\/v2\/media?parent=401"}],"wp:term":[{"taxonomy":"product_brand","embeddable":true,"href":"https:\/\/hcc-and-co.com\/fr_fr\/wp-json\/wp\/v2\/product_brand?post=401"},{"taxonomy":"product_cat","embeddable":true,"href":"https:\/\/hcc-and-co.com\/fr_fr\/wp-json\/wp\/v2\/product_cat?post=401"},{"taxonomy":"product_tag","embeddable":true,"href":"https:\/\/hcc-and-co.com\/fr_fr\/wp-json\/wp\/v2\/product_tag?post=401"}],"curies":[{"name":"wp","href":"https:\/\/api.w.org\/{rel}","templated":true}]}}