{"id":406,"date":"2024-07-04T15:02:59","date_gmt":"2024-07-04T13:02:59","guid":{"rendered":"https:\/\/agangece-advert.sprint-service.be\/?post_type=product&#038;p=406"},"modified":"2026-03-05T17:52:58","modified_gmt":"2026-03-05T16:52:58","slug":"oreiller-cervi-maxi","status":"publish","type":"product","link":"https:\/\/hcc-and-co.com\/fr_fr\/product\/oreiller-cervi-maxi\/","title":{"rendered":"OREILLER CERVI+ MAXI"},"content":{"rendered":"<h1>Oreiller Cervi+ Maxi en mousse \u00e0 m\u00e9moire de forme<\/h1>\n<ul>\n<li>Tr\u00e8s confortable, l&rsquo;oreiller Cervi+ Maxi soutient la t\u00eate sans solliciter l&rsquo;\u00e9paule ou les cervicales, \u00e9vitant ainsi toute tension.<\/li>\n<li>Sa forme est adapt\u00e9e \u00e0 la morphologie du cou et de la t\u00eate, que l&rsquo;on dorme sur le c\u00f4t\u00e9 ou sur le dos.<\/li>\n<li>La mousse visco\u00e9lastique m\u00e9morise la forme de la t\u00eate et exerce ainsi une faible contre-pression : la circulation du sang est facilit\u00e9e et les pressions diminu\u00e9es.<\/li>\n<li>Housse \u00e9paisse, en \u00e9ponge stretch, 80% coton, 20% polyester (lavable \u00e0 40\u00b0C).<\/li>\n<li>Garantie 3 ans contre l&rsquo;affaissement.<\/li>\n<li>Housse\u00a0de rechange disponible (Ref WW0460 0302A)<\/li>\n<\/ul>\n","protected":false},"excerpt":{"rendered":"<ul>\n<li>Tr\u00e8s confortable, l&rsquo;oreiller Cervi+ Maxi soutient la t\u00eate sans solliciter l&rsquo;\u00e9paule ou les cervicales, \u00e9vitant ainsi toute tension.<\/li>\n<li>Sa forme est adapt\u00e9e \u00e0 la morphologie du cou et de la t\u00eate, que l&rsquo;on dorme sur le c\u00f4t\u00e9 ou sur le dos.<\/li>\n<li>La mousse visco\u00e9lastique m\u00e9morise la forme de la t\u00eate et exerce ainsi une faible contre-pression : la circulation du sang est facilit\u00e9e et les pressions diminu\u00e9es.<\/li>\n<li>Housse \u00e9paisse, en \u00e9ponge stretch, 80% coton, 20% polyester (lavable \u00e0 40\u00b0C).<\/li>\n<li>Garantie 3 ans contre l&rsquo;affaissement.<\/li>\n<li>Housse\u00a0de rechange disponible (Ref WW0460 0302A)<\/li>\n<\/ul>\n","protected":false},"featured_media":452,"comment_status":"open","ping_status":"closed","template":"","meta":{"_joinchat":[]},"product_brand":[],"product_cat":[95],"product_tag":[],"class_list":{"0":"post-406","1":"product","2":"type-product","3":"status-publish","4":"has-post-thumbnail","6":"product_cat-cou","8":"first","9":"instock","10":"sale","11":"shipping-taxable","12":"purchasable","13":"product-type-simple"},"_links":{"self":[{"href":"https:\/\/hcc-and-co.com\/fr_fr\/wp-json\/wp\/v2\/product\/406","targetHints":{"allow":["GET"]}}],"collection":[{"href":"https:\/\/hcc-and-co.com\/fr_fr\/wp-json\/wp\/v2\/product"}],"about":[{"href":"https:\/\/hcc-and-co.com\/fr_fr\/wp-json\/wp\/v2\/types\/product"}],"replies":[{"embeddable":true,"href":"https:\/\/hcc-and-co.com\/fr_fr\/wp-json\/wp\/v2\/comments?post=406"}],"wp:featuredmedia":[{"embeddable":true,"href":"https:\/\/hcc-and-co.com\/fr_fr\/wp-json\/wp\/v2\/media\/452"}],"wp:attachment":[{"href":"https:\/\/hcc-and-co.com\/fr_fr\/wp-json\/wp\/v2\/media?parent=406"}],"wp:term":[{"taxonomy":"product_brand","embeddable":true,"href":"https:\/\/hcc-and-co.com\/fr_fr\/wp-json\/wp\/v2\/product_brand?post=406"},{"taxonomy":"product_cat","embeddable":true,"href":"https:\/\/hcc-and-co.com\/fr_fr\/wp-json\/wp\/v2\/product_cat?post=406"},{"taxonomy":"product_tag","embeddable":true,"href":"https:\/\/hcc-and-co.com\/fr_fr\/wp-json\/wp\/v2\/product_tag?post=406"}],"curies":[{"name":"wp","href":"https:\/\/api.w.org\/{rel}","templated":true}]}}