{"id":432,"date":"2024-07-04T15:03:21","date_gmt":"2024-07-04T13:03:21","guid":{"rendered":"https:\/\/agangece-advert.sprint-service.be\/?post_type=product&#038;p=432"},"modified":"2026-03-06T10:57:26","modified_gmt":"2026-03-06T09:57:26","slug":"manuimmo","status":"publish","type":"product","link":"https:\/\/hcc-and-co.com\/fr_fr\/product\/manuimmo\/","title":{"rendered":"Manuimmo"},"content":{"rendered":"<h3>Attelle d&rsquo;immobilisation de poignet<\/h3>\n<p><u>Indiqu\u00e9e pour<\/u>\u00a0: Entorse du poignet &#8211; Fracture non chirurgicale du poignet &#8211; Immobilisation post-traumatique ou post-op\u00e9ratoire<br \/>\ndu poignet. Tendinopathies du poignet &#8211; Traitement conservateur du syndrome du canal carpien &#8211; Epicondylite lat\u00e9rale &#8211; Arthrite rhumato\u00efde &#8211; Arthrose du poignet.<\/p>\n<p><strong>\u00c0 RETENIR<\/strong><\/p>\n<p><strong>Immobilisation<\/strong>\u00a0: baleine palmaire rigide, anatomique et conformable.<br \/>\n<strong>Confort<\/strong>\u00a0: tissu int\u00e9rieur a\u00e9r\u00e9<br \/>\n<strong>Pratique<\/strong>\u00a0: syst\u00e8me de sangles 2 en 1 permettant d\u2019assurer un serrage homog\u00e8ne.<\/p>\n","protected":false},"excerpt":{"rendered":"<h3>Attelle d&rsquo;immobilisation de poignet<\/h3>\n<p><u>Indiqu\u00e9e pour<\/u>\u00a0: Entorse du poignet &#8211; Fracture non chirurgicale du poignet &#8211; Immobilisation post-traumatique ou post-op\u00e9ratoire<br \/>\ndu poignet. Tendinopathies du poignet &#8211; Traitement conservateur du syndrome du canal carpien &#8211; Epicondylite lat\u00e9rale &#8211; Arthrite rhumato\u00efde &#8211; Arthrose du poignet.<\/p>\n","protected":false},"featured_media":462,"comment_status":"open","ping_status":"closed","template":"","meta":{"_joinchat":[]},"product_brand":[],"product_cat":[99],"product_tag":[],"class_list":{"0":"post-432","1":"product","2":"type-product","3":"status-publish","4":"has-post-thumbnail","6":"product_cat-main-poignet-et-pou","8":"first","9":"instock","10":"sale","11":"shipping-taxable","12":"purchasable","13":"product-type-simple"},"_links":{"self":[{"href":"https:\/\/hcc-and-co.com\/fr_fr\/wp-json\/wp\/v2\/product\/432","targetHints":{"allow":["GET"]}}],"collection":[{"href":"https:\/\/hcc-and-co.com\/fr_fr\/wp-json\/wp\/v2\/product"}],"about":[{"href":"https:\/\/hcc-and-co.com\/fr_fr\/wp-json\/wp\/v2\/types\/product"}],"replies":[{"embeddable":true,"href":"https:\/\/hcc-and-co.com\/fr_fr\/wp-json\/wp\/v2\/comments?post=432"}],"wp:featuredmedia":[{"embeddable":true,"href":"https:\/\/hcc-and-co.com\/fr_fr\/wp-json\/wp\/v2\/media\/462"}],"wp:attachment":[{"href":"https:\/\/hcc-and-co.com\/fr_fr\/wp-json\/wp\/v2\/media?parent=432"}],"wp:term":[{"taxonomy":"product_brand","embeddable":true,"href":"https:\/\/hcc-and-co.com\/fr_fr\/wp-json\/wp\/v2\/product_brand?post=432"},{"taxonomy":"product_cat","embeddable":true,"href":"https:\/\/hcc-and-co.com\/fr_fr\/wp-json\/wp\/v2\/product_cat?post=432"},{"taxonomy":"product_tag","embeddable":true,"href":"https:\/\/hcc-and-co.com\/fr_fr\/wp-json\/wp\/v2\/product_tag?post=432"}],"curies":[{"name":"wp","href":"https:\/\/api.w.org\/{rel}","templated":true}]}}