{"id":434,"date":"2024-07-04T15:03:21","date_gmt":"2024-07-04T13:03:21","guid":{"rendered":"https:\/\/agangece-advert.sprint-service.be\/?post_type=product&#038;p=434"},"modified":"2026-03-06T10:59:34","modified_gmt":"2026-03-06T09:59:34","slug":"manuaction","status":"publish","type":"product","link":"https:\/\/hcc-and-co.com\/fr_fr\/product\/manuaction\/","title":{"rendered":"Manuaction"},"content":{"rendered":"<h1><strong>Manu<\/strong>action<\/h1>\n<p>Attelle de stabilisation du poignet<\/p>\n<p><u>Indiqu\u00e9e pour\u00a0<\/u>: Entorse du poignet &#8211; Tendinopathies du poignet. Douleur et\/ou oed\u00e8me r\u00e9siduel post-op\u00e9ratoire, post-traumatique<br \/>\n&#8211; Arthrose du poignet.<\/p>\n<p><strong>\u00c0 RETENIR<\/strong><\/p>\n<p><strong>Stabilisation<\/strong>\u00a0: baleine palmaire rigide, anatomique et conformable<br \/>\n<strong>Effet proprioceptif<\/strong>\u00a0: tricotage 3D anatomique assurant la proprioception.<br \/>\n<strong>Confort<\/strong>\u00a0: insert au niveau du condyleulnaire<br \/>\n<strong>Modulable\u00a0<\/strong>: baleine amovible et sangleadditionnelle pour ajuster le niveau de maintien<\/p>\n","protected":false},"excerpt":{"rendered":"<h1><strong>Manu<\/strong>action<\/h1>\n<p>Attelle de stabilisation du poignet<\/p>\n<p><u>Indiqu\u00e9e pour\u00a0<\/u>: Entorse du poignet &#8211; Tendinopathies du poignet. Douleur et\/ou oed\u00e8me r\u00e9siduel post-op\u00e9ratoire, post-traumatique<br \/>\n&#8211; Arthrose du poignet.<\/p>\n","protected":false},"featured_media":464,"comment_status":"open","ping_status":"closed","template":"","meta":{"_joinchat":[]},"product_brand":[],"product_cat":[99],"product_tag":[],"class_list":{"0":"post-434","1":"product","2":"type-product","3":"status-publish","4":"has-post-thumbnail","6":"product_cat-main-poignet-et-pou","8":"first","9":"instock","10":"sale","11":"shipping-taxable","12":"purchasable","13":"product-type-simple"},"_links":{"self":[{"href":"https:\/\/hcc-and-co.com\/fr_fr\/wp-json\/wp\/v2\/product\/434","targetHints":{"allow":["GET"]}}],"collection":[{"href":"https:\/\/hcc-and-co.com\/fr_fr\/wp-json\/wp\/v2\/product"}],"about":[{"href":"https:\/\/hcc-and-co.com\/fr_fr\/wp-json\/wp\/v2\/types\/product"}],"replies":[{"embeddable":true,"href":"https:\/\/hcc-and-co.com\/fr_fr\/wp-json\/wp\/v2\/comments?post=434"}],"wp:featuredmedia":[{"embeddable":true,"href":"https:\/\/hcc-and-co.com\/fr_fr\/wp-json\/wp\/v2\/media\/464"}],"wp:attachment":[{"href":"https:\/\/hcc-and-co.com\/fr_fr\/wp-json\/wp\/v2\/media?parent=434"}],"wp:term":[{"taxonomy":"product_brand","embeddable":true,"href":"https:\/\/hcc-and-co.com\/fr_fr\/wp-json\/wp\/v2\/product_brand?post=434"},{"taxonomy":"product_cat","embeddable":true,"href":"https:\/\/hcc-and-co.com\/fr_fr\/wp-json\/wp\/v2\/product_cat?post=434"},{"taxonomy":"product_tag","embeddable":true,"href":"https:\/\/hcc-and-co.com\/fr_fr\/wp-json\/wp\/v2\/product_tag?post=434"}],"curies":[{"name":"wp","href":"https:\/\/api.w.org\/{rel}","templated":true}]}}