{"id":435,"date":"2024-07-04T15:03:21","date_gmt":"2024-07-04T13:03:21","guid":{"rendered":"https:\/\/agangece-advert.sprint-service.be\/?post_type=product&#038;p=435"},"modified":"2026-03-06T11:01:06","modified_gmt":"2026-03-06T10:01:06","slug":"manurhizo-pro","status":"publish","type":"product","link":"https:\/\/hcc-and-co.com\/fr_fr\/product\/manurhizo-pro\/","title":{"rendered":"Manurhizo Pro"},"content":{"rendered":"<h1><strong>Manu<\/strong>rhizo Pro<\/h1>\n<h2>Attelle d&rsquo;immobilisation du\u00a0poignet et du pouce \u00e0 serrage rapide<\/h2>\n<p><u>Indiqu\u00e9e pour<\/u>\u00a0: Entorse du pouce &#8211; Entorse du poignet et\/ou pouce &#8211; Fracture non chirurgicale du scapho\u00efde &#8211; Fracture non<br \/>\nchirurgicale du poignet &#8211; Immobilisation post-traumatique ou postop\u00e9ratoire du poignet\/pouce &#8211; Tendinopathies du poignet et\/ou du pouce &#8211; Tenosynovitede De Quervain &#8211; Arthrite rhumato\u00efde &#8211; Epicondylite lat\u00e9rale &#8211; Traitement conservateur du syndrome du canal carpien &#8211; Arthrose du pouce\/du poignet &#8211; D\u00e9ficits neuro-musculaires (contractures, main tombante, spasticit\u00e9&#8230;).<\/p>\n<p><strong>\u00c0 RETENIR<\/strong><\/p>\n<p><strong>1- Immobilisation<\/strong>\u00a0: 2 baleines rigides, anatomiques et conformables.<br \/>\n<strong>2 &#8211; Confort<\/strong>\u00a0: tissu int\u00e9rieur a\u00e9r\u00e9<br \/>\n<strong>3 &#8211; Pratique<\/strong>\u00a0: syst\u00e8me de serrage rapide\u00a0brevet\u00e9 (Quick Lacing System*) permettant un serrage homog\u00e8ne et facile.<\/p>\n","protected":false},"excerpt":{"rendered":"<h2>Attelle d&rsquo;immobilisation du\u00a0poignet et du pouce \u00e0 serrage rapide<\/h2>\n<p><u>Indiqu\u00e9e pour<\/u>\u00a0: Entorse du pouce &#8211; Entorse du poignet et\/ou pouce &#8211; Fracture non chirurgicale du scapho\u00efde &#8211; Fracture non<br \/>\nchirurgicale du poignet &#8211; Immobilisation post-traumatique ou postop\u00e9ratoire du poignet\/pouce &#8211; Tendinopathies du poignet et\/ou du pouce &#8211; Tenosynovitede De Quervain &#8211; Arthrite rhumato\u00efde &#8211; Epicondylite lat\u00e9rale &#8211; Traitement conservateur du syndrome du canal carpien &#8211; Arthrose du pouce\/du poignet &#8211; D\u00e9ficits neuro-musculaires (contractures, main tombante, spasticit\u00e9&#8230;).<\/p>\n","protected":false},"featured_media":483,"comment_status":"open","ping_status":"closed","template":"","meta":{"_joinchat":[]},"product_brand":[],"product_cat":[99],"product_tag":[],"class_list":{"0":"post-435","1":"product","2":"type-product","3":"status-publish","4":"has-post-thumbnail","6":"product_cat-main-poignet-et-pou","8":"first","9":"instock","10":"sale","11":"shipping-taxable","12":"purchasable","13":"product-type-simple"},"_links":{"self":[{"href":"https:\/\/hcc-and-co.com\/fr_fr\/wp-json\/wp\/v2\/product\/435","targetHints":{"allow":["GET"]}}],"collection":[{"href":"https:\/\/hcc-and-co.com\/fr_fr\/wp-json\/wp\/v2\/product"}],"about":[{"href":"https:\/\/hcc-and-co.com\/fr_fr\/wp-json\/wp\/v2\/types\/product"}],"replies":[{"embeddable":true,"href":"https:\/\/hcc-and-co.com\/fr_fr\/wp-json\/wp\/v2\/comments?post=435"}],"wp:featuredmedia":[{"embeddable":true,"href":"https:\/\/hcc-and-co.com\/fr_fr\/wp-json\/wp\/v2\/media\/483"}],"wp:attachment":[{"href":"https:\/\/hcc-and-co.com\/fr_fr\/wp-json\/wp\/v2\/media?parent=435"}],"wp:term":[{"taxonomy":"product_brand","embeddable":true,"href":"https:\/\/hcc-and-co.com\/fr_fr\/wp-json\/wp\/v2\/product_brand?post=435"},{"taxonomy":"product_cat","embeddable":true,"href":"https:\/\/hcc-and-co.com\/fr_fr\/wp-json\/wp\/v2\/product_cat?post=435"},{"taxonomy":"product_tag","embeddable":true,"href":"https:\/\/hcc-and-co.com\/fr_fr\/wp-json\/wp\/v2\/product_tag?post=435"}],"curies":[{"name":"wp","href":"https:\/\/api.w.org\/{rel}","templated":true}]}}