{"id":465,"date":"2024-07-04T15:03:42","date_gmt":"2024-07-04T13:03:42","guid":{"rendered":"https:\/\/agangece-advert.sprint-service.be\/?post_type=product&#038;p=465"},"modified":"2024-07-04T15:03:57","modified_gmt":"2024-07-04T13:03:57","slug":"masque-biocellulose-eclaircissant","status":"publish","type":"product","link":"https:\/\/hcc-and-co.com\/fr_fr\/product\/masque-biocellulose-eclaircissant\/","title":{"rendered":"Masque Biocellulose \u00c9claircissant"},"content":{"rendered":"<p>Hydratant \u2013 raffermissant &#8211; Revitalisant Sachet de 8ml Le<br \/>\nmasque bio-cellulosique allie Innovation, Confort et<br \/>\nPerformance. Il a un tr\u00e8s bon pouvoir absorbant \u00e9lev\u00e9 pour<br \/>\nr\u00e9parer, hydrater et adoucir la peau. L\u2019acide hyaluronique<br \/>\npr\u00e9sent dans ce masque et les agents hydratants contribue<br \/>\n\u00e0 donner \u00e0 la peau un aspect jeune et ferme. Pour les<br \/>\npeaux tr\u00e8s d\u00e9shydrat\u00e9es, fatigu\u00e9es et irrit\u00e9e<\/p>\n","protected":false},"excerpt":{"rendered":"<p>Hydratant \u2013 raffermissant &#8211; Revitalisant<\/p>\n<p>Sachet de 8ml Le masque bio-cellulosique allie Innovation, Confort et<br \/>\nPerformance. Il a un tr\u00e8s bon pouvoir absorbant \u00e9lev\u00e9 pour<br \/>\nr\u00e9parer, hydrater et adoucir la peau. L\u2019acide hyaluronique<br \/>\npr\u00e9sent dans ce masque et les agents hydratants contribue<br \/>\n\u00e0 donner \u00e0 la peau un aspect jeune et ferme. Pour les<br \/>\npeaux tr\u00e8s d\u00e9shydrat\u00e9es, fatigu\u00e9es et irrit\u00e9e<\/p>\n","protected":false},"featured_media":494,"comment_status":"open","ping_status":"closed","template":"","meta":{"_joinchat":[]},"product_brand":[],"product_cat":[84,89],"product_tag":[],"class_list":{"0":"post-465","1":"product","2":"type-product","3":"status-publish","4":"has-post-thumbnail","6":"product_cat-game-hcc","7":"product_cat-soins-complementaires","9":"first","10":"instock","11":"shipping-taxable","12":"purchasable","13":"product-type-simple"},"_links":{"self":[{"href":"https:\/\/hcc-and-co.com\/fr_fr\/wp-json\/wp\/v2\/product\/465","targetHints":{"allow":["GET"]}}],"collection":[{"href":"https:\/\/hcc-and-co.com\/fr_fr\/wp-json\/wp\/v2\/product"}],"about":[{"href":"https:\/\/hcc-and-co.com\/fr_fr\/wp-json\/wp\/v2\/types\/product"}],"replies":[{"embeddable":true,"href":"https:\/\/hcc-and-co.com\/fr_fr\/wp-json\/wp\/v2\/comments?post=465"}],"wp:featuredmedia":[{"embeddable":true,"href":"https:\/\/hcc-and-co.com\/fr_fr\/wp-json\/wp\/v2\/media\/494"}],"wp:attachment":[{"href":"https:\/\/hcc-and-co.com\/fr_fr\/wp-json\/wp\/v2\/media?parent=465"}],"wp:term":[{"taxonomy":"product_brand","embeddable":true,"href":"https:\/\/hcc-and-co.com\/fr_fr\/wp-json\/wp\/v2\/product_brand?post=465"},{"taxonomy":"product_cat","embeddable":true,"href":"https:\/\/hcc-and-co.com\/fr_fr\/wp-json\/wp\/v2\/product_cat?post=465"},{"taxonomy":"product_tag","embeddable":true,"href":"https:\/\/hcc-and-co.com\/fr_fr\/wp-json\/wp\/v2\/product_tag?post=465"}],"curies":[{"name":"wp","href":"https:\/\/api.w.org\/{rel}","templated":true}]}}