{"id":824,"date":"2024-08-29T03:36:42","date_gmt":"2024-08-29T01:36:42","guid":{"rendered":"https:\/\/agangece-advert.sprint-service.be\/?post_type=product&#038;p=824"},"modified":"2024-08-29T03:36:42","modified_gmt":"2024-08-29T01:36:42","slug":"men-booster","status":"publish","type":"product","link":"https:\/\/hcc-and-co.com\/fr_fr\/product\/men-booster\/","title":{"rendered":"Men Booster"},"content":{"rendered":"<p><strong>Performance masculine<sup>1<\/sup><\/strong><br \/>\n<sup>1<\/sup>Le tribulus am\u00e9liore l&rsquo;\u00e9rection et aide \u00e0 accro\u00eetre le d\u00e9sir sexuel et la performance sexuelle. La maca stimule le d\u00e9sir sexuel. Le ginseng augmente les performances physiques et aide \u00e0 induire et am\u00e9liorer l&rsquo;\u00e9rection. Les vertus de ces ingr\u00e9dients ont \u00e9t\u00e9 \u00e9tudi\u00e9es dans le cadre de recherches scientifiques.<\/p>\n","protected":false},"excerpt":{"rendered":"<p><strong>Men Booster<\/strong>\u00a0est un<strong>\u00a0<\/strong>compl\u00e9ment alimentaire\u00a0\u00e0 base de plantes, Arginine et Vitamines.<\/p>\n","protected":false},"featured_media":815,"comment_status":"open","ping_status":"closed","template":"","meta":{"_joinchat":[]},"product_brand":[],"product_cat":[107],"product_tag":[],"class_list":{"0":"post-824","1":"product","2":"type-product","3":"status-publish","4":"has-post-thumbnail","6":"product_cat-sexualite","8":"first","9":"instock","10":"sale","11":"shipping-taxable","12":"purchasable","13":"product-type-simple"},"_links":{"self":[{"href":"https:\/\/hcc-and-co.com\/fr_fr\/wp-json\/wp\/v2\/product\/824","targetHints":{"allow":["GET"]}}],"collection":[{"href":"https:\/\/hcc-and-co.com\/fr_fr\/wp-json\/wp\/v2\/product"}],"about":[{"href":"https:\/\/hcc-and-co.com\/fr_fr\/wp-json\/wp\/v2\/types\/product"}],"replies":[{"embeddable":true,"href":"https:\/\/hcc-and-co.com\/fr_fr\/wp-json\/wp\/v2\/comments?post=824"}],"wp:featuredmedia":[{"embeddable":true,"href":"https:\/\/hcc-and-co.com\/fr_fr\/wp-json\/wp\/v2\/media\/815"}],"wp:attachment":[{"href":"https:\/\/hcc-and-co.com\/fr_fr\/wp-json\/wp\/v2\/media?parent=824"}],"wp:term":[{"taxonomy":"product_brand","embeddable":true,"href":"https:\/\/hcc-and-co.com\/fr_fr\/wp-json\/wp\/v2\/product_brand?post=824"},{"taxonomy":"product_cat","embeddable":true,"href":"https:\/\/hcc-and-co.com\/fr_fr\/wp-json\/wp\/v2\/product_cat?post=824"},{"taxonomy":"product_tag","embeddable":true,"href":"https:\/\/hcc-and-co.com\/fr_fr\/wp-json\/wp\/v2\/product_tag?post=824"}],"curies":[{"name":"wp","href":"https:\/\/api.w.org\/{rel}","templated":true}]}}