{"id":849,"date":"2024-08-31T16:55:05","date_gmt":"2024-08-31T14:55:05","guid":{"rendered":"https:\/\/agangece-advert.sprint-service.be\/?post_type=product&#038;p=849"},"modified":"2024-08-31T16:55:05","modified_gmt":"2024-08-31T14:55:05","slug":"eau-nettoyante-bebe","status":"publish","type":"product","link":"https:\/\/hcc-and-co.com\/fr_fr\/product\/eau-nettoyante-bebe\/","title":{"rendered":"Eau nettoyante B\u00e9b\u00e9"},"content":{"rendered":"<p>\u2714\ufe0f\u202f<strong>RESPECT DE LA PEAU DE B\u00c9B\u00c9<\/strong>\u202f: la formule de l\u2019Eau nettoyante B\u00e9b\u00e9 Bio Rivadouce respecte l\u2019\u00e9quilibre de toutes les peaux, en particulier les peaux d\u00e9licates et sensibles des tout-petits, et ce, d\u00e8s leur naissance. Elle permet de prendre soin de l&rsquo;\u00e9piderme sensible des b\u00e9b\u00e9s et nourrissons.<br \/>\nElle s\u2019av\u00e8re plus pratique qu\u2019un gel lavant car elle s\u2019utilise sans rin\u00e7age.<br \/>\n\u2714\ufe0f\u202f<strong>NETTOIE DELICATEMENT\u202f<\/strong>: l\u2019Eau nettoyante B\u00e9b\u00e9 Certifi\u00e9e Bio est formul\u00e9e pour la toilette du corps et des zones sensibles comme le visage et le si\u00e8ge de B\u00e9b\u00e9. Elle \u00e9limine efficacement et en douceur les salissures et capture les impuret\u00e9s en un seul geste.<br \/>\n\u2714\ufe0f<strong>\u202fPARFUM PL\u00c9BISCIT\u00c9 PAR LES PARENTS<\/strong>\u202f: tendrement parfum\u00e9e, l\u2019Eau nettoyante Certifi\u00e9e Bio d\u00e9pose sur la peau des notes de fleurs d&rsquo;oranger et de vanille, laissant la peau de B\u00e9b\u00e9 propre, fra\u00eeche et apais\u00e9e.<br \/>\n\u2714\ufe0f\u202f<strong>CHOIX N\u00b01 DES MATERNIT\u00c9S<\/strong>\u202f: la formulation des produits Rivadouce B\u00e9b\u00e9 Certifi\u00e9s Bio adapt\u00e9e aux peaux les plus sensibles en fait des produits s\u00fbrs pour la peau des b\u00e9b\u00e9s. Test\u00e9e dermatologiquement, notre gamme est utilis\u00e9e par le personnel soignant en maternit\u00e9s depuis plus de 50 ans. \u00a0La formule de l\u2019Eau nettoyante B\u00e9b\u00e9 Certifi\u00e9e Bio respecte parfaitement l\u2019\u00e9quilibre de toutes les peaux, m\u00eame les peaux fragiles et r\u00e9actives.<br \/>\n\u2714\ufe0f<strong>\u202fCERTIFI\u00c9E\u00a0BIO ET 99% D&rsquo;INGR\u00c9DIENTS D&rsquo;ORIGINE NATURELLE<\/strong>\u202f: certifi\u00e9e par COSMOS ORGANIC\u00a9, l\u2019Eau nettoyante B\u00e9b\u00e9 Bio Rivadouce\u00a0est compos\u00e9 d&rsquo;un extrait de fleur de lotus Bio. Test\u00e9e sous contr\u00f4le dermatologique.<br \/>\n\u2714\ufe0f<strong>\u202fFABRICATION AVEC AMOUR EN FRANCE<\/strong>\u202f: tous nos produits sont d\u00e9velopp\u00e9s et fabriqu\u00e9s depuis 50 ans dans notre Laboratoire situ\u00e9 \u00e0 Thouars en France. Une production locale pour un soin responsable !<\/p>\n","protected":false},"excerpt":{"rendered":"<p>L\u2019<strong>Eau nettoyante B\u00e9b\u00e9\u00a0<\/strong>certifi\u00e9e Bio est id\u00e9ale pour la\u00a0<strong>toilette\u00a0<\/strong>du corps et des zones d\u00e9licates de B\u00e9b\u00e9. Elle \u00e9limine efficacement et en douceur les salissures, et\u00a0<strong>capture les impuret\u00e9s<\/strong> en un seul geste.\u00a0Tendrement parfum\u00e9e, l\u2019Eau nettoyante d\u00e9pose sur la peau des notes de fleurs d&rsquo;oranger et de vanille.<\/p>\n","protected":false},"featured_media":845,"comment_status":"open","ping_status":"closed","template":"","meta":{"_joinchat":[]},"product_brand":[],"product_cat":[112],"product_tag":[],"class_list":{"0":"post-849","1":"product","2":"type-product","3":"status-publish","4":"has-post-thumbnail","6":"product_cat-univers-bebe-enfants","8":"first","9":"instock","10":"sale","11":"shipping-taxable","12":"purchasable","13":"product-type-simple"},"_links":{"self":[{"href":"https:\/\/hcc-and-co.com\/fr_fr\/wp-json\/wp\/v2\/product\/849","targetHints":{"allow":["GET"]}}],"collection":[{"href":"https:\/\/hcc-and-co.com\/fr_fr\/wp-json\/wp\/v2\/product"}],"about":[{"href":"https:\/\/hcc-and-co.com\/fr_fr\/wp-json\/wp\/v2\/types\/product"}],"replies":[{"embeddable":true,"href":"https:\/\/hcc-and-co.com\/fr_fr\/wp-json\/wp\/v2\/comments?post=849"}],"wp:featuredmedia":[{"embeddable":true,"href":"https:\/\/hcc-and-co.com\/fr_fr\/wp-json\/wp\/v2\/media\/845"}],"wp:attachment":[{"href":"https:\/\/hcc-and-co.com\/fr_fr\/wp-json\/wp\/v2\/media?parent=849"}],"wp:term":[{"taxonomy":"product_brand","embeddable":true,"href":"https:\/\/hcc-and-co.com\/fr_fr\/wp-json\/wp\/v2\/product_brand?post=849"},{"taxonomy":"product_cat","embeddable":true,"href":"https:\/\/hcc-and-co.com\/fr_fr\/wp-json\/wp\/v2\/product_cat?post=849"},{"taxonomy":"product_tag","embeddable":true,"href":"https:\/\/hcc-and-co.com\/fr_fr\/wp-json\/wp\/v2\/product_tag?post=849"}],"curies":[{"name":"wp","href":"https:\/\/api.w.org\/{rel}","templated":true}]}}