{"id":894,"date":"2024-09-01T18:52:19","date_gmt":"2024-09-01T16:52:19","guid":{"rendered":"https:\/\/agangece-advert.sprint-service.be\/?post_type=product&#038;p=894"},"modified":"2024-09-01T18:52:19","modified_gmt":"2024-09-01T16:52:19","slug":"gel-lavant-surgras-bebe-bio","status":"publish","type":"product","link":"https:\/\/hcc-and-co.com\/fr_fr\/product\/gel-lavant-surgras-bebe-bio\/","title":{"rendered":"Gel lavant surgras b\u00e9b\u00e9 bio"},"content":{"rendered":"<p>\u2714\ufe0f\u00a0<strong>PEAU S\u00c8CHE ET ATOPIQUE :<\/strong>\u00a0sans savon ni parfum, le Gel lavant surgras B\u00e9b\u00e9 certifi\u00e9 Bio Rivadouce est sp\u00e9cialement formul\u00e9 pour les tout-petits \u00e0 la peau s\u00e8che ou \u00e0 tendance atopique.<br \/>\n\u2714\ufe0f\u00a0<strong>NETTOIE ET HYDRATE :<\/strong>\u00a0le Gel lavant surgras B\u00e9b\u00e9\u00a0permet de nettoyer la peau de B\u00e9b\u00e9 en douceur, de l\u2019hydrater mais \u00e9galement de respecter la barri\u00e8re cutan\u00e9e. Sa base lavante ultra-douce et enrichie d\u2019un agent surgraissant, nourrit la peau en douceur et apporte tous les plaisirs du nettoyage \u00e0 l\u2019eau sans ses effets dess\u00e9chants. La peau est douce, souple et prot\u00e9g\u00e9e.<br \/>\n\u2714\ufe0f\u00a0<strong>CHOIX N\u00b01 DES MATERNIT\u00c9S :<\/strong>\u00a0la formulation des produits B\u00e9b\u00e9 Rivadouce adapt\u00e9e aux peaux les plus sensibles en fait des produits s\u00fbrs pour la peau des b\u00e9b\u00e9s et pour l\u2019environnement. Notre gamme est utilis\u00e9e par le personnel soignant en maternit\u00e9s depuis plus de 50 ans.<br \/>\n\u2714\ufe0f\u00a0<strong>CERTIFI\u00c9\u00a0<\/strong><strong>BIO ET 98% D&rsquo;INGR\u00c9DIENTS D&rsquo;ORIGINE NATURELLE :<\/strong>\u00a0certifi\u00e9 par COSMOS ORGANIC\u00a9, le Gel lavant surgras B\u00e9b\u00e9\u00a0Rivadouce est compos\u00e9 d&rsquo;un extrait de lotus Bio et de glyc\u00e9rine v\u00e9g\u00e9tale qui agit comme un r\u00e9servoir d&rsquo;eau pour hydrater la peau de B\u00e9b\u00e9 tout au long de la journ\u00e9e. Test\u00e9 sous contr\u00f4le dermatologique.<br \/>\n\u2714\ufe0f\u00a0<strong>FABRICATION AVEC AMOUR EN FRANCE :\u00a0<\/strong>tous nos produits sont d\u00e9velopp\u00e9s et fabriqu\u00e9s depuis 50 ans dans notre Laboratoire situ\u00e9 \u00e0 Thouars en France. Une production locale pour un soin responsable !<\/p>\n","protected":false},"excerpt":{"rendered":"<p>Le<strong>\u00a0Gel lavant surgras B\u00e9b\u00e9\u00a0<\/strong>certifi\u00e9 Bio a \u00e9t\u00e9 sp\u00e9cialement formul\u00e9 pour les tout-petits \u00e0 la peau s\u00e8che ou \u00e0 tendance atopique. Sans savon ni parfum, il\u00a0<strong>nettoie en douceur<\/strong>, hydrate et respecte la barri\u00e8re cutan\u00e9e.<\/p>\n<p><img decoding=\"async\" title=\"\" src=\"https:\/\/www.rivadouce.fr\/on\/demandware.static\/-\/Sites-rivadis-master\/default\/dw7a5b93ef\/PICTO_epure_98.jpg\" alt=\"\" width=\"80\" height=\"80\" \/><img decoding=\"async\" title=\"\" src=\"https:\/\/www.rivadouce.fr\/on\/demandware.static\/-\/Sites-rivadis-master\/default\/dwc84ab3bc\/PICTO_epure_sansparfum.jpg\" alt=\"\" width=\"80\" height=\"80\" \/><img decoding=\"async\" title=\"\" src=\"https:\/\/www.rivadouce.fr\/on\/demandware.static\/-\/Sites-rivadis-master\/default\/dwf940ac22\/PICTO_epure_fab_en_france.jpg\" alt=\"\" width=\"80\" \/><img decoding=\"async\" title=\"\" src=\"https:\/\/www.rivadouce.fr\/on\/demandware.static\/-\/Sites-rivadis-master\/default\/dw6d5c9c4c\/PICTO_epure_94.jpg\" alt=\"\" width=\"80\" \/><\/p>\n","protected":false},"featured_media":855,"comment_status":"open","ping_status":"closed","template":"","meta":{"_joinchat":[]},"product_brand":[],"product_cat":[112],"product_tag":[],"class_list":{"0":"post-894","1":"product","2":"type-product","3":"status-publish","4":"has-post-thumbnail","6":"product_cat-univers-bebe-enfants","8":"first","9":"instock","10":"sale","11":"shipping-taxable","12":"purchasable","13":"product-type-simple"},"_links":{"self":[{"href":"https:\/\/hcc-and-co.com\/fr_fr\/wp-json\/wp\/v2\/product\/894","targetHints":{"allow":["GET"]}}],"collection":[{"href":"https:\/\/hcc-and-co.com\/fr_fr\/wp-json\/wp\/v2\/product"}],"about":[{"href":"https:\/\/hcc-and-co.com\/fr_fr\/wp-json\/wp\/v2\/types\/product"}],"replies":[{"embeddable":true,"href":"https:\/\/hcc-and-co.com\/fr_fr\/wp-json\/wp\/v2\/comments?post=894"}],"wp:featuredmedia":[{"embeddable":true,"href":"https:\/\/hcc-and-co.com\/fr_fr\/wp-json\/wp\/v2\/media\/855"}],"wp:attachment":[{"href":"https:\/\/hcc-and-co.com\/fr_fr\/wp-json\/wp\/v2\/media?parent=894"}],"wp:term":[{"taxonomy":"product_brand","embeddable":true,"href":"https:\/\/hcc-and-co.com\/fr_fr\/wp-json\/wp\/v2\/product_brand?post=894"},{"taxonomy":"product_cat","embeddable":true,"href":"https:\/\/hcc-and-co.com\/fr_fr\/wp-json\/wp\/v2\/product_cat?post=894"},{"taxonomy":"product_tag","embeddable":true,"href":"https:\/\/hcc-and-co.com\/fr_fr\/wp-json\/wp\/v2\/product_tag?post=894"}],"curies":[{"name":"wp","href":"https:\/\/api.w.org\/{rel}","templated":true}]}}