{"id":896,"date":"2024-09-01T19:28:32","date_gmt":"2024-09-01T17:28:32","guid":{"rendered":"https:\/\/agangece-advert.sprint-service.be\/?post_type=product&#038;p=896"},"modified":"2024-09-01T19:28:32","modified_gmt":"2024-09-01T17:28:32","slug":"gel-douche-3en1-loupiots-gaga-du-nougat","status":"publish","type":"product","link":"https:\/\/hcc-and-co.com\/fr_fr\/product\/gel-douche-3en1-loupiots-gaga-du-nougat\/","title":{"rendered":"Gel douche 3en1 Loupiots Gaga du nougat"},"content":{"rendered":"<p>\u2714\ufe0f \ufe0f<strong>NETTOIE, HYDRATE ET PROT\u00c8GE<\/strong>\u00a0: le Gel douche 3 en 1 Gaga du nougat nettoie le corps, le visage et les cheveux !<br \/>\n\u2714\ufe0f \ufe0f<strong>FLACON 100% RECYCL\u00c9 &amp; RECYCLABLE<\/strong>\u00a0: 100% issu de plastique recycl\u00e9, et 100% recyclable.<br \/>\n\u2714\ufe0f\u00a0<strong>97% D&rsquo;INGR\u00c9DIENTS D&rsquo;ORIGINE NATURELLE<\/strong>\u00a0: le Gel douche Gaga du nougat est compos\u00e9 de glyc\u00e9rine v\u00e9g\u00e9tale, naturellement hydratante et d\u2019un conditionneur issu des racines de chicor\u00e9e pour favoriser le d\u00e9m\u00ealage des cheveux. Test\u00e9 sous contr\u00f4le dermatologique.<br \/>\n\u2714\ufe0f \ufe0f<strong>PARFUM GOURMAND D\u00c9VELOPP\u00c9 EN FRANCE\u00a0<\/strong>: parfum aux notes gourmandes de nougat et de caramel.<br \/>\n\u2714\ufe0f \ufe0f<strong>FABRICATION AVEC AMOUR EN FRANCE<\/strong>\u00a0: tous nos produits sont d\u00e9velopp\u00e9s et fabriqu\u00e9s depuis 50 ans dans notre Laboratoire situ\u00e9 \u00e0 Thouars en France. Une production locale pour un soin responsable !<\/p>\n","protected":false},"excerpt":{"rendered":"<p>Le Gel douche 3 en 1\u00a0<strong>Gaga du nougat<\/strong>, pour laver en douceur visage corps &amp; cheveux tout en faisant un geste pour la plan\u00e8te ! \ud83c\udf0d\u00a0Son + ? Son parfum super gourmand aux notes de nougat et de caramel.<\/p>\n<p><img decoding=\"async\" title=\"\" src=\"https:\/\/www.rivadouce.fr\/on\/demandware.static\/-\/Sites-rivadis-master\/default\/dw66c4f0fa\/PICTO_epure_97.jpg\" alt=\"\" width=\"80\" height=\"80\" \/><img decoding=\"async\" title=\"\" src=\"https:\/\/www.rivadouce.fr\/on\/demandware.static\/-\/Sites-rivadis-master\/default\/dw625b6a47\/PICTO_epure_flaconrecycle.jpg\" alt=\"\" height=\"80\" \/><img decoding=\"async\" title=\"\" src=\"https:\/\/www.rivadouce.fr\/on\/demandware.static\/-\/Sites-rivadis-master\/default\/dwf940ac22\/PICTO_epure_fab_en_france.jpg\" alt=\"\" width=\"80\" \/><\/p>\n","protected":false},"featured_media":858,"comment_status":"open","ping_status":"closed","template":"","meta":{"_joinchat":[]},"product_brand":[],"product_cat":[112],"product_tag":[],"class_list":{"0":"post-896","1":"product","2":"type-product","3":"status-publish","4":"has-post-thumbnail","6":"product_cat-univers-bebe-enfants","8":"first","9":"instock","10":"sale","11":"shipping-taxable","12":"purchasable","13":"product-type-simple"},"_links":{"self":[{"href":"https:\/\/hcc-and-co.com\/fr_fr\/wp-json\/wp\/v2\/product\/896","targetHints":{"allow":["GET"]}}],"collection":[{"href":"https:\/\/hcc-and-co.com\/fr_fr\/wp-json\/wp\/v2\/product"}],"about":[{"href":"https:\/\/hcc-and-co.com\/fr_fr\/wp-json\/wp\/v2\/types\/product"}],"replies":[{"embeddable":true,"href":"https:\/\/hcc-and-co.com\/fr_fr\/wp-json\/wp\/v2\/comments?post=896"}],"wp:featuredmedia":[{"embeddable":true,"href":"https:\/\/hcc-and-co.com\/fr_fr\/wp-json\/wp\/v2\/media\/858"}],"wp:attachment":[{"href":"https:\/\/hcc-and-co.com\/fr_fr\/wp-json\/wp\/v2\/media?parent=896"}],"wp:term":[{"taxonomy":"product_brand","embeddable":true,"href":"https:\/\/hcc-and-co.com\/fr_fr\/wp-json\/wp\/v2\/product_brand?post=896"},{"taxonomy":"product_cat","embeddable":true,"href":"https:\/\/hcc-and-co.com\/fr_fr\/wp-json\/wp\/v2\/product_cat?post=896"},{"taxonomy":"product_tag","embeddable":true,"href":"https:\/\/hcc-and-co.com\/fr_fr\/wp-json\/wp\/v2\/product_tag?post=896"}],"curies":[{"name":"wp","href":"https:\/\/api.w.org\/{rel}","templated":true}]}}