{"id":897,"date":"2024-09-01T19:52:58","date_gmt":"2024-09-01T17:52:58","guid":{"rendered":"https:\/\/agangece-advert.sprint-service.be\/?post_type=product&#038;p=897"},"modified":"2024-09-01T19:52:58","modified_gmt":"2024-09-01T17:52:58","slug":"shampoing-sans-rincage","status":"publish","type":"product","link":"https:\/\/hcc-and-co.com\/fr_fr\/product\/shampoing-sans-rincage\/","title":{"rendered":"Shampoing sans rin\u00e7age"},"content":{"rendered":"<p>\u2714\ufe0f\u00a0<strong>ESPACER LES SHAMPOINGS :<\/strong>\u00a0Le Shampoing sans rin\u00e7age est une alternative au lavage traditionnel des cheveux, il absorbe l\u2019exc\u00e8s de s\u00e9bum, s\u00e8che rapidement et respecte les cuirs chevelus sensibles. Il s\u2019applique facilement et permet\u00a0<a href=\"https:\/\/www.rivadouce.fr\/page-hygiene-quotidienne.html\">la toilette au lit<\/a>\u00a0pour une vraie sensation de bien-\u00eatre.<br \/>\n\u2714\ufe0f<strong>\u00a094% D&rsquo;INGR\u00c9DIENTS D&rsquo;ORIGINE NATURELLE :\u00a0<\/strong>Le Shampoing sans rin\u00e7age est formul\u00e9 \u00e0 94% d\u2019ingr\u00e9dients d\u2019origine naturelle. Test\u00e9 sous contr\u00f4le dermatologique.<br \/>\n\u2714\ufe0f<strong>\u00a0FABRICATION AVEC AMOUR EN FRANCE :<\/strong>\u00a0Tous nos produits sont d\u00e9velopp\u00e9s et fabriqu\u00e9s depuis 50 ans dans notre Laboratoire situ\u00e9 \u00e0 Thouars en France. Une production locale pour un soin responsable !<\/p>\n","protected":false},"excerpt":{"rendered":"<p>Test\u00e9 sous contr\u00f4le dermatologique, le\u00a0<strong>Shampoing sans rin\u00e7age<\/strong>\u00a0permet le lavage des cheveux sans eau ni rin\u00e7age, pour la toilette des personnes \u00e2g\u00e9es ou adultes alit\u00e9s ou \u00e0 mobilit\u00e9 r\u00e9duite. Il absorbe l\u2019exc\u00e8s de s\u00e9bum pour redonner de l\u2019\u00e9clat aux cheveux. Il est parfaitement adapt\u00e9 aux cuirs chevelus sensibles et aux cheveux fins.<\/p>\n<p><img decoding=\"async\" title=\"\" src=\"https:\/\/www.rivadouce.fr\/on\/demandware.static\/-\/Sites-rivadis-master\/default\/dwf58a4fca\/picto\/PICTO_epure_94bleu.png\" alt=\"\" width=\"80\" \/>\u00a0<img decoding=\"async\" title=\"\" src=\"https:\/\/www.rivadouce.fr\/on\/demandware.static\/-\/Sites-rivadis-master\/default\/dw19d09720\/picto\/PICTO_epure_sans_rincage.png\" alt=\"\" width=\"70\" \/><img decoding=\"async\" title=\"\" src=\"https:\/\/www.rivadouce.fr\/on\/demandware.static\/-\/Sites-rivadis-master\/default\/dwf940ac22\/PICTO_epure_fab_en_france.jpg\" alt=\"\" width=\"90\" height=\"90\" \/><\/p>\n","protected":false},"featured_media":859,"comment_status":"open","ping_status":"closed","template":"","meta":{"_joinchat":[]},"product_brand":[],"product_cat":[112],"product_tag":[],"class_list":{"0":"post-897","1":"product","2":"type-product","3":"status-publish","4":"has-post-thumbnail","6":"product_cat-univers-bebe-enfants","8":"first","9":"instock","10":"sale","11":"shipping-taxable","12":"purchasable","13":"product-type-simple"},"_links":{"self":[{"href":"https:\/\/hcc-and-co.com\/fr_fr\/wp-json\/wp\/v2\/product\/897","targetHints":{"allow":["GET"]}}],"collection":[{"href":"https:\/\/hcc-and-co.com\/fr_fr\/wp-json\/wp\/v2\/product"}],"about":[{"href":"https:\/\/hcc-and-co.com\/fr_fr\/wp-json\/wp\/v2\/types\/product"}],"replies":[{"embeddable":true,"href":"https:\/\/hcc-and-co.com\/fr_fr\/wp-json\/wp\/v2\/comments?post=897"}],"wp:featuredmedia":[{"embeddable":true,"href":"https:\/\/hcc-and-co.com\/fr_fr\/wp-json\/wp\/v2\/media\/859"}],"wp:attachment":[{"href":"https:\/\/hcc-and-co.com\/fr_fr\/wp-json\/wp\/v2\/media?parent=897"}],"wp:term":[{"taxonomy":"product_brand","embeddable":true,"href":"https:\/\/hcc-and-co.com\/fr_fr\/wp-json\/wp\/v2\/product_brand?post=897"},{"taxonomy":"product_cat","embeddable":true,"href":"https:\/\/hcc-and-co.com\/fr_fr\/wp-json\/wp\/v2\/product_cat?post=897"},{"taxonomy":"product_tag","embeddable":true,"href":"https:\/\/hcc-and-co.com\/fr_fr\/wp-json\/wp\/v2\/product_tag?post=897"}],"curies":[{"name":"wp","href":"https:\/\/api.w.org\/{rel}","templated":true}]}}