{"id":901,"date":"2024-09-02T14:01:36","date_gmt":"2024-09-02T12:01:36","guid":{"rendered":"https:\/\/agangece-advert.sprint-service.be\/?post_type=product&#038;p=901"},"modified":"2024-09-02T14:01:36","modified_gmt":"2024-09-02T12:01:36","slug":"creme-hydratante-bebe","status":"publish","type":"product","link":"https:\/\/hcc-and-co.com\/fr_fr\/product\/creme-hydratante-bebe\/","title":{"rendered":"Cr\u00e8me hydratante B\u00e9b\u00e9"},"content":{"rendered":"<p>\u2714\ufe0f\u00a0<strong>HYDRATATION OPTIMALE :<\/strong>\u00a0la Cr\u00e8me hydratante B\u00e9b\u00e9 certifi\u00e9e Bio Rivadouce \u00e0 la texture douce et d\u00e9licatement parfum\u00e9e, hydrate, nourrit et prot\u00e8ge la peau fragile de B\u00e9b\u00e9 des agressions ext\u00e9rieures. Non grasse, elle pr\u00e9vient le dess\u00e8chement de la peau et apporte souplesse, douceur et confort.<br \/>\n\u2714\ufe0f\u00a0<strong>PARFUM PL\u00c9BISCIT\u00c9 PAR LES PARENTS\u00a0<\/strong>: la Cr\u00e8me hydratante B\u00e9b\u00e9\u00a0d\u00e9pose sur la peau des notes de fleurs d&rsquo;oranger et de vanille, laissant la peau de B\u00e9b\u00e9 douce et souple.<br \/>\n\u2714\ufe0f\u00a0<strong>CHOIX N\u00b01 DES MATERNIT\u00c9S :<\/strong>\u00a0la formulation des produits B\u00e9b\u00e9\u00a0Rivadouce adapt\u00e9e aux peaux les plus sensibles en fait des produits s\u00fbrs pour la peau des b\u00e9b\u00e9s. Notre gamme est utilis\u00e9e par le personnel soignant en maternit\u00e9s depuis plus de 50 ans.<br \/>\n\u2714\ufe0f\u00a0<strong>CERTIFI\u00c9E\u00a0<\/strong><strong>BIO ET 99% D&rsquo;INGR\u00c9DIENTS D&rsquo;ORIGINE NATURELLE :<\/strong>\u00a0certifi\u00e9e par COSMOS ORGANIC\u00a9, la Cr\u00e8me hydratante\u00a0 B\u00e9b\u00e9\u00a0Rivadouce est compos\u00e9e d&rsquo;un extrait de lotus Bio et de beurre de karit\u00e9. Test\u00e9e sous contr\u00f4le dermatologique.<br \/>\n\u2714\ufe0f\u00a0<strong>FABRICATION AVEC AMOUR EN FRANCE :<\/strong>\u00a0tous nos produits sont d\u00e9velopp\u00e9s et fabriqu\u00e9s depuis 50 ans dans notre Laboratoire situ\u00e9 \u00e0 Thouars en France. Une production locale pour un soin responsable !<\/p>\n","protected":false},"excerpt":{"rendered":"<p>La\u00a0<strong>Cr\u00e8me hydratante B\u00e9b\u00e9\u00a0<\/strong>certifi\u00e9e Bio est sp\u00e9cialement formul\u00e9e pour\u00a0<strong>hydrater<\/strong>,\u00a0<strong>adoucir et prot\u00e9ger la peau<\/strong>\u00a0des nouveau-n\u00e9s et b\u00e9b\u00e9s des agressions ext\u00e9rieures. Apr\u00e8s un moment de tendresse \u00e0 l\u2019application, elle laisse la peau de B\u00e9b\u00e9 nourrie, confortable et d\u00e9licatement parfum\u00e9e. Une peau bien hydrat\u00e9e, c&rsquo;est une peau plus r\u00e9sistante et moins sujette aux irritations\u2026<\/p>\n<p><img decoding=\"async\" title=\"\" src=\"https:\/\/www.rivadouce.fr\/on\/demandware.static\/-\/Sites-rivadis-master\/default\/dw1222cb61\/PICTO_epure_99.jpg\" alt=\"\" width=\"80\" height=\"80\" \/><img decoding=\"async\" title=\"\" src=\"https:\/\/www.rivadouce.fr\/on\/demandware.static\/-\/Sites-rivadis-master\/default\/dwf940ac22\/PICTO_epure_fab_en_france.jpg\" alt=\"\" width=\"80\" \/><img decoding=\"async\" title=\"\" src=\"https:\/\/www.rivadouce.fr\/on\/demandware.static\/-\/Sites-rivadis-master\/default\/dw6d5c9c4c\/PICTO_epure_94.jpg\" alt=\"\" width=\"80\" \/><\/p>\n","protected":false},"featured_media":867,"comment_status":"open","ping_status":"closed","template":"","meta":{"_joinchat":[]},"product_brand":[],"product_cat":[112],"product_tag":[],"class_list":{"0":"post-901","1":"product","2":"type-product","3":"status-publish","4":"has-post-thumbnail","6":"product_cat-univers-bebe-enfants","8":"first","9":"instock","10":"sale","11":"shipping-taxable","12":"purchasable","13":"product-type-simple"},"_links":{"self":[{"href":"https:\/\/hcc-and-co.com\/fr_fr\/wp-json\/wp\/v2\/product\/901","targetHints":{"allow":["GET"]}}],"collection":[{"href":"https:\/\/hcc-and-co.com\/fr_fr\/wp-json\/wp\/v2\/product"}],"about":[{"href":"https:\/\/hcc-and-co.com\/fr_fr\/wp-json\/wp\/v2\/types\/product"}],"replies":[{"embeddable":true,"href":"https:\/\/hcc-and-co.com\/fr_fr\/wp-json\/wp\/v2\/comments?post=901"}],"wp:featuredmedia":[{"embeddable":true,"href":"https:\/\/hcc-and-co.com\/fr_fr\/wp-json\/wp\/v2\/media\/867"}],"wp:attachment":[{"href":"https:\/\/hcc-and-co.com\/fr_fr\/wp-json\/wp\/v2\/media?parent=901"}],"wp:term":[{"taxonomy":"product_brand","embeddable":true,"href":"https:\/\/hcc-and-co.com\/fr_fr\/wp-json\/wp\/v2\/product_brand?post=901"},{"taxonomy":"product_cat","embeddable":true,"href":"https:\/\/hcc-and-co.com\/fr_fr\/wp-json\/wp\/v2\/product_cat?post=901"},{"taxonomy":"product_tag","embeddable":true,"href":"https:\/\/hcc-and-co.com\/fr_fr\/wp-json\/wp\/v2\/product_tag?post=901"}],"curies":[{"name":"wp","href":"https:\/\/api.w.org\/{rel}","templated":true}]}}