{"id":908,"date":"2024-09-02T15:15:53","date_gmt":"2024-09-02T13:15:53","guid":{"rendered":"https:\/\/agangece-advert.sprint-service.be\/?post_type=product&#038;p=908"},"modified":"2024-09-02T15:15:53","modified_gmt":"2024-09-02T13:15:53","slug":"neutraderm-gel-nettoyant-douceur","status":"publish","type":"product","link":"https:\/\/hcc-and-co.com\/fr_fr\/product\/neutraderm-gel-nettoyant-douceur\/","title":{"rendered":"NEUTRADERM &#8211; Gel nettoyant douceur"},"content":{"rendered":"<h2>Le Gel Nettoyant Douceur 3-en-1 est un<strong>\u00a0gel lavant b\u00e9b\u00e9<\/strong>\u00a0qui prot\u00e8ge la peau et le cuir chevelu d\u00e9licats des b\u00e9b\u00e9s gr\u00e2ce \u00e0 sa\u00a0<strong>formule haute tol\u00e9rance<\/strong><sup>1\u00a0<\/sup>au pH neutre.\u00a0Il compense les effets dess\u00e9chants du bain pour une\u00a0<strong>peau\u00a0adoucie<\/strong>\u00a0et des\u00a0<strong>cheveux doux<\/strong>\u00a0et soyeux, faciles \u00e0 d\u00e9m\u00ealer.<\/h2>\n","protected":false},"excerpt":{"rendered":"<h2>Nettoie en douceur visage, corps &amp; cheveux, formule haute tol\u00e9rance<sup>1<\/sup>.<\/h2>\n<ul class=\"d-flex\">\n<li>\n<h3><img decoding=\"async\" class=\"\" src=\"https:\/\/www.laboratoire-neutraderm.com\/wp-content\/uploads\/2023\/08\/NEM-picto-active_oligosking.svg\" alt=\"pictogramme complexe oligo skin neutraderm\" width=\"68\" height=\"68\" \/><img decoding=\"async\" class=\"\" style=\"font-size: 16px;\" src=\"https:\/\/www.laboratoire-neutraderm.com\/wp-content\/uploads\/2023\/03\/NEM-picto-ingredients_biodegradables_97-2.svg\" alt=\"pictogramme 97% ingredients d'origine biodegradables neutraderm\" width=\"72\" height=\"72\" \/><img decoding=\"async\" class=\"\" style=\"font-size: 16px;\" src=\"https:\/\/www.laboratoire-neutraderm.com\/wp-content\/uploads\/2023\/03\/NEM-picto-usage_quotidien-2.svg\" alt=\"pictogramme usage quotidien neutraderm\" width=\"63\" height=\"63\" \/><\/h3>\n<\/li>\n<\/ul>\n","protected":false},"featured_media":876,"comment_status":"open","ping_status":"closed","template":"","meta":{"_joinchat":[]},"product_brand":[],"product_cat":[112],"product_tag":[],"class_list":{"0":"post-908","1":"product","2":"type-product","3":"status-publish","4":"has-post-thumbnail","6":"product_cat-univers-bebe-enfants","8":"first","9":"instock","10":"sale","11":"shipping-taxable","12":"purchasable","13":"product-type-simple"},"_links":{"self":[{"href":"https:\/\/hcc-and-co.com\/fr_fr\/wp-json\/wp\/v2\/product\/908","targetHints":{"allow":["GET"]}}],"collection":[{"href":"https:\/\/hcc-and-co.com\/fr_fr\/wp-json\/wp\/v2\/product"}],"about":[{"href":"https:\/\/hcc-and-co.com\/fr_fr\/wp-json\/wp\/v2\/types\/product"}],"replies":[{"embeddable":true,"href":"https:\/\/hcc-and-co.com\/fr_fr\/wp-json\/wp\/v2\/comments?post=908"}],"wp:featuredmedia":[{"embeddable":true,"href":"https:\/\/hcc-and-co.com\/fr_fr\/wp-json\/wp\/v2\/media\/876"}],"wp:attachment":[{"href":"https:\/\/hcc-and-co.com\/fr_fr\/wp-json\/wp\/v2\/media?parent=908"}],"wp:term":[{"taxonomy":"product_brand","embeddable":true,"href":"https:\/\/hcc-and-co.com\/fr_fr\/wp-json\/wp\/v2\/product_brand?post=908"},{"taxonomy":"product_cat","embeddable":true,"href":"https:\/\/hcc-and-co.com\/fr_fr\/wp-json\/wp\/v2\/product_cat?post=908"},{"taxonomy":"product_tag","embeddable":true,"href":"https:\/\/hcc-and-co.com\/fr_fr\/wp-json\/wp\/v2\/product_tag?post=908"}],"curies":[{"name":"wp","href":"https:\/\/api.w.org\/{rel}","templated":true}]}}